{"id":77,"date":"2013-01-21T19:19:42","date_gmt":"2013-01-21T19:19:42","guid":{"rendered":"http:\/\/fhts1040.com\/?page_id=77"},"modified":"2022-12-18T11:36:26","modified_gmt":"2022-12-18T11:36:26","slug":"inicio","status":"publish","type":"page","link":"https:\/\/fhts1040.com\/es\/","title":{"rendered":"Inicio"},"content":{"rendered":"<p>[pe_estro_slider id=\u00bb2&#8243;]<br \/>\n<a href=\"http:\/\/fhts1040.com\/wp-content\/uploads\/2022\/12\/FHTSWel.jpg\"><img fetchpriority=\"high\" decoding=\"async\" class=\"alignleft wp-image-409 size-full\" src=\"http:\/\/fhts1040.com\/wp-content\/uploads\/2022\/12\/FHTSWel.jpg\" alt=\"\" width=\"300\" height=\"199\" \/><\/a><\/p>\n<p><b>SOMOS TUS AMIGOS EN EL MOMENTO DE IMPUESTOS.<\/b><br \/>\n\u00bfEst\u00e1 familiarizado con la sensaci\u00f3n de fr\u00edo, fr\u00edo que se obtiene cuando usted sabe que su declaraci\u00f3n de impuestos se debe?<br \/>\nVamos a quitar el fr\u00edo de la prestaci\u00f3n de asistencia profesional, puede dar lugar a la calidez de un reembolso de impuestos.<\/p>\n<p><b>FRANCISCO HERNANDEZ, SERVICIOS DE IMPUESTOS, LLC.<\/b><br \/>\nNuestros 11,000 clientes nos dice que debemos educarlos&#8230; los ayudamos a comprender&#8230; en lugar de tratarlos como uno m\u00e1s de los contribuyentes.<br \/>\nPodemos servir a usted, no importa d\u00f3nde usted vive en los EE.UU.<br \/>\nEstamos disponibles todo el a\u00f1o.\u00a0 Las citas son <b>muy recomendables,<\/b> pero no es obligatorio.<\/p>\n","protected":false},"excerpt":{"rendered":"<p>[pe_estro_slider id=\u00bb2&#8243;] SOMOS TUS AMIGOS EN EL MOMENTO DE IMPUESTOS. \u00bfEst\u00e1 familiarizado con la sensaci\u00f3n de fr\u00edo, fr\u00edo que se obtiene cuando usted sabe que su declaraci\u00f3n de impuestos se debe? Vamos a quitar el fr\u00edo de la prestaci\u00f3n de asistencia profesional, puede dar lugar a la calidez de un reembolso de impuestos. FRANCISCO HERNANDEZ, [&hellip;]<\/p>\n","protected":false},"author":1,"featured_media":0,"parent":0,"menu_order":0,"comment_status":"open","ping_status":"open","template":"","meta":{"om_disable_all_campaigns":false,"_monsterinsights_skip_tracking":false,"_monsterinsights_sitenote_active":false,"_monsterinsights_sitenote_note":"","_monsterinsights_sitenote_category":0,"_uf_show_specific_survey":0,"_uf_disable_surveys":false,"footnotes":""},"class_list":["post-77","page","type-page","status-publish","hentry"],"aioseo_notices":[],"_links":{"self":[{"href":"https:\/\/fhts1040.com\/es\/wp-json\/wp\/v2\/pages\/77","targetHints":{"allow":["GET"]}}],"collection":[{"href":"https:\/\/fhts1040.com\/es\/wp-json\/wp\/v2\/pages"}],"about":[{"href":"https:\/\/fhts1040.com\/es\/wp-json\/wp\/v2\/types\/page"}],"author":[{"embeddable":true,"href":"https:\/\/fhts1040.com\/es\/wp-json\/wp\/v2\/users\/1"}],"replies":[{"embeddable":true,"href":"https:\/\/fhts1040.com\/es\/wp-json\/wp\/v2\/comments?post=77"}],"version-history":[{"count":5,"href":"https:\/\/fhts1040.com\/es\/wp-json\/wp\/v2\/pages\/77\/revisions"}],"predecessor-version":[{"id":410,"href":"https:\/\/fhts1040.com\/es\/wp-json\/wp\/v2\/pages\/77\/revisions\/410"}],"wp:attachment":[{"href":"https:\/\/fhts1040.com\/es\/wp-json\/wp\/v2\/media?parent=77"}],"curies":[{"name":"wp","href":"https:\/\/api.w.org\/{rel}","templated":true}]}}