{"id":70,"date":"2013-01-21T19:10:55","date_gmt":"2013-01-21T19:10:55","guid":{"rendered":"http:\/\/fhts1040.com\/?page_id=70"},"modified":"2013-01-21T19:10:55","modified_gmt":"2013-01-21T19:10:55","slug":"historia","status":"publish","type":"page","link":"https:\/\/fhts1040.com\/es\/historia\/","title":{"rendered":"Historia"},"content":{"rendered":"<p><img fetchpriority=\"high\" decoding=\"async\" class=\"alignnone size-full wp-image-27\" alt=\"WHy? FHTS\" src=\"http:\/\/fhts1040.com\/wp-content\/uploads\/2013\/01\/why-fhts.jpg\" width=\"668\" height=\"329\" srcset=\"https:\/\/fhts1040.com\/wp-content\/uploads\/2013\/01\/why-fhts.jpg 668w, https:\/\/fhts1040.com\/wp-content\/uploads\/2013\/01\/why-fhts-300x147.jpg 300w\" sizes=\"(max-width: 668px) 100vw, 668px\" \/><\/p>\n<p>La primera declaraci\u00f3n de impuestos de que mi madre, Mar\u00eda Elena Beltr\u00e1n, preparado en 1955 fue para mi abuela y mi abuelo.\u00a0 Fue preparado en una tarjeta de golpe de IBM, si siquiera saben lo que es.\u00a0 Ella ten\u00eda 14 a\u00f1os de edad en el momento.\u00a0 Para los pr\u00f3ximos 15 a\u00f1os, mi madre prepar\u00f3 declaraciones de impuestos para nuestra familia, varios vecinos y algunos compa\u00f1eros de trabajo.\u00a0 Le\u00eda el libreto que el IRS les enviar\u00e1 a los contribuyentes de principio hasta el fin y segu\u00eda las instrucciones.\u00a0 Finalmente, la complejidad de las declaraciones de impuestos que preparaba aumento.<\/p>\n<p>Nos mudamos a Miami desde Queens, Nueva York (mi lugar de nacimiento) en 1971.\u00a0 Poco despu\u00e9s, ella comenz\u00f3 a preparar declaraciones de impuestos para el barrio y, de hecho comenz\u00f3 a cobrar una cuota nominal, y su negocio de preparaci\u00f3n de impuestos naci\u00f3.\u00a0 Prepar\u00f3 las declaraciones de impuestos de la misma casa que vivo yo ahora.<\/p>\n<p>Como puede ver, se realiz\u00f3 inicialmente para dar cabida a la gente, pero se gan\u00f3 una valiosa experiencia y lo disfruto mucho.\u00a0 Fue muy divertido para ella como le gustaba recordar el pasado con los clientes.\u00a0 Ella usaba l\u00e1piz en las formas y su m\u00e1quina sumadora para c\u00e1lculos y copiar las formas de tinta despu\u00e9s de que el cliente hab\u00eda terminado y satisfecho.\u00a0 Como ella las copi\u00f3 con tinta, ella revisaba el c\u00e1lculo para la exactitud.\u00a0 Ella s\u00f3lo preparar\u00eda una declaraci\u00f3n de impuestos por noche.<\/p>\n<p>El negocio aument\u00f3 considerablemente en la d\u00e9cada de 1980 como la introducci\u00f3n de la computadora.\u00a0 Mi madre preparaba las declaraciones de impuestos en un Commodore 64 K, recuperaba las formas en la oficina del IRS en el downtown Miami, y mi amigo, Roly, o yo mismo imprimirlos p\u00e1gina por p\u00e1gina, alineando cada p\u00e1gina en una impresora primitiva.<\/p>\n<p>En la misma \u00e9poca, a la edad de 14 a\u00f1os, en realidad estaba ayudando a mi madre con las formas 1040EZ y 1040A.\u00a0 Est\u00e1bamos haciendo las formas a mano en ese tiempo.\u00a0 Cada cliente ten\u00eda su propio disco floppy, para aquellos de ustedes que se acuerdan de lo que son.\u00a0 En aquellos d\u00edas, no pod\u00eda imaginar que alguna vez llegar\u00eda a m\u00e1s de 650 clientes, que era la cantidad de clientes que finalmente tuvo.<\/p>\n<p>En 1990, mi madre compr\u00f3 una PC, una impresora l\u00e1ser y el programa de Intuit que todav\u00eda utilizamos hoy en d\u00eda.\u00a0 Roly y yo no \u00e9ramos muy emocionados al saber que est\u00e1bamos fuera de puestos de trabajo debido a la nueva tecnolog\u00eda, pero \u00e9ramos j\u00f3venes, por lo que no era demasiado malo.\u00a0 Su decisi\u00f3n de mantenerse al d\u00eda con la tecnolog\u00eda fue una gran idea, ya que su base de clientes aument\u00f3.<\/p>\n<p>En el a\u00f1o 2000, que hab\u00eda sido retirado de su puesto de trabajo en Dade County Public Schools como Jefa de Contabilidad y comenz\u00f3 a entrenarme en todos los aspectos de preparaci\u00f3n de impuestos, incluida la preparaci\u00f3n de declaraciones de impuestos personales y corporativos.<\/p>\n<p>En el 2004, como profesor en MacAuthur South High School, tuve un estudiante llamado Guillermo Jarqu\u00edn, quien comenz\u00f3 a trabajar para m\u00ed despu\u00e9s de la escuela contestando el tel\u00e9fono y programando citas.\u00a0 Hemos trabajado de la misma casa en Sweetwater.\u00a0 Guillermo podr\u00eda completar sus obligaciones como estudiante y yo como maestro de 7:30 am a 2:30 pm.\u00a0 A continuaci\u00f3n, llegar\u00eda a mi casa y empezar a preparar declaraciones de impuestos y atender llamadas telef\u00f3nicas de 3:00 pm -10:00 pm. \u00a0 Fue una \u00e9poca un poco dif\u00edcil teniendo dos empleos y un ni\u00f1o de tres a\u00f1os de edad.\u00a0 A medida que el negocio sigui\u00f3 creciendo, empec\u00e9 a entrenar a Guillermo en la preparaci\u00f3n de impuestos.\u00a0 En 2006, dej\u00e9 la ense\u00f1anza y puse toda mi atenci\u00f3n a la preparaci\u00f3n de impuestos.\u00a0 Guillermo y yo est\u00e1bamos preparando impuestos desde la casa.<\/p>\n<p>Un d\u00eda un amigo m\u00edo, Jim Aguiles, lleg\u00f3 a la casa para tener sus impuestos preparados.\u00a0 Jim estaba sentado en mi sof\u00e1 con 12 otros clientes en la sala y me dijo: \u00abAmigo tienes que tener una oficina.\u00bb En ese momento Guillermo y yo empezamos a planificar la compra de una nueva oficina y decidiendo c\u00f3mo debe mirar.\u00a0 Y con esto quiero decir cuatro horas la elaboraci\u00f3n de un proyecto muy aproximada de la concepci\u00f3n.<\/p>\n<p>En 2007, compr\u00e9 una oficina en nuestra ubicaci\u00f3n actual, Suite 224.\u00a0 Esto es cuando el negocio realmente comenz\u00f3 a crecer.\u00a0 Desde entonces me han tra\u00eddo los preparadores de impuestos adicionales, la mayor\u00eda de los que he conocido durante d\u00e9cadas.<\/p>\n<p>Coincidentemente, en el trabajo es donde conoc\u00ed a mi bella esposa, Marlene Kalaf-Hern\u00e1ndez.\u00a0 Marlene me estaba ayudando a la vez como recepcionista y de trabajo de forma gratuita, si usted puede creer eso.\u00a0 Ahora ella es jefa de mi oficina y es responsable de todo el personal administrativo en la oficina.<\/p>\n<p>FHTS se compone hoy de tres oficinas en la ubicaci\u00f3n actual, ya que compramos los vecinos en suite 223 y Suite 222.\u00a0 La empresa prepara m\u00e1s de 11,000 declaraciones de impuestos por a\u00f1o.<\/p>\n<p><b>Me gustar\u00eda dar las gracias a mis empleados y m\u00e1s importante a mi madre, Mar\u00eda Elena Beltr\u00e1n, por hacer esto posible.<\/b><\/p>\n<p><b>Te amo mam\u00e1<\/b><\/p>\n","protected":false},"excerpt":{"rendered":"<p>La primera declaraci\u00f3n de impuestos de que mi madre, Mar\u00eda Elena Beltr\u00e1n, preparado en 1955 fue para mi abuela y mi abuelo.\u00a0 Fue preparado en una tarjeta de golpe de IBM, si siquiera saben lo que es.\u00a0 Ella ten\u00eda 14 a\u00f1os de edad en el momento.\u00a0 Para los pr\u00f3ximos 15 a\u00f1os, mi madre prepar\u00f3 declaraciones [&hellip;]<\/p>\n","protected":false},"author":1,"featured_media":0,"parent":0,"menu_order":0,"comment_status":"open","ping_status":"open","template":"","meta":{"om_disable_all_campaigns":false,"_monsterinsights_skip_tracking":false,"_monsterinsights_sitenote_active":false,"_monsterinsights_sitenote_note":"","_monsterinsights_sitenote_category":0,"_uf_show_specific_survey":0,"_uf_disable_surveys":false,"footnotes":""},"class_list":["post-70","page","type-page","status-publish","hentry"],"aioseo_notices":[],"_links":{"self":[{"href":"https:\/\/fhts1040.com\/es\/wp-json\/wp\/v2\/pages\/70","targetHints":{"allow":["GET"]}}],"collection":[{"href":"https:\/\/fhts1040.com\/es\/wp-json\/wp\/v2\/pages"}],"about":[{"href":"https:\/\/fhts1040.com\/es\/wp-json\/wp\/v2\/types\/page"}],"author":[{"embeddable":true,"href":"https:\/\/fhts1040.com\/es\/wp-json\/wp\/v2\/users\/1"}],"replies":[{"embeddable":true,"href":"https:\/\/fhts1040.com\/es\/wp-json\/wp\/v2\/comments?post=70"}],"version-history":[{"count":2,"href":"https:\/\/fhts1040.com\/es\/wp-json\/wp\/v2\/pages\/70\/revisions"}],"predecessor-version":[{"id":87,"href":"https:\/\/fhts1040.com\/es\/wp-json\/wp\/v2\/pages\/70\/revisions\/87"}],"wp:attachment":[{"href":"https:\/\/fhts1040.com\/es\/wp-json\/wp\/v2\/media?parent=70"}],"curies":[{"name":"wp","href":"https:\/\/api.w.org\/{rel}","templated":true}]}}