{"id":599,"date":"2023-02-24T10:13:06","date_gmt":"2023-02-24T10:13:06","guid":{"rendered":"https:\/\/fhts1040.com\/?page_id=599"},"modified":"2023-02-24T10:13:06","modified_gmt":"2023-02-24T10:13:06","slug":"francisco-hernandez-servicios-de-impuestos","status":"publish","type":"page","link":"https:\/\/fhts1040.com\/es\/francisco-hernandez-servicios-de-impuestos\/","title":{"rendered":"Francisco Hernandez Servicios de Impuestos"},"content":{"rendered":"<p><a href=\"https:\/\/fhts1040.com\/wp-content\/uploads\/2023\/02\/FHTSWelcome.jpg\"><img fetchpriority=\"high\" decoding=\"async\" class=\"aligncenter wp-image-475\" src=\"https:\/\/fhts1040.com\/wp-content\/uploads\/2023\/02\/FHTSWelcome.jpg\" alt=\"\" width=\"475\" height=\"316\" srcset=\"https:\/\/fhts1040.com\/wp-content\/uploads\/2023\/02\/FHTSWelcome.jpg 849w, https:\/\/fhts1040.com\/wp-content\/uploads\/2023\/02\/FHTSWelcome-300x200.jpg 300w, https:\/\/fhts1040.com\/wp-content\/uploads\/2023\/02\/FHTSWelcome-768x511.jpg 768w\" sizes=\"(max-width: 475px) 100vw, 475px\" \/><\/a><\/p>\n<p>\u00bfEst\u00e1 familiarizado con esa sensaci\u00f3n de fr\u00edo que siente cuando sabe que debe presentar su declaraci\u00f3n de impuestos?<br \/>\nEliminemos el escalofr\u00edo brindando asistencia profesional, lo que posiblemente conduzca a la calidez de un reembolso de impuestos.<\/p>\n<p><strong>SERVICIOS DE IMPUESTOS DE FRANCISCO HERNANDEZ, LLC.<\/strong><br \/>\nNuestros 11,000 clientes nos dicen que los educamos\u2026los ayudamos a entender\u2026en lugar de tratarlos como un contribuyente m\u00e1s.<br \/>\nPodemos servirle, sin importar d\u00f3nde viva en los EE. UU.<br \/>\nY estamos disponibles todo el a\u00f1o. Las citas son <strong>muy<\/strong> recomendables, pero no obligatorias.<\/p>\n","protected":false},"excerpt":{"rendered":"<p>\u00bfEst\u00e1 familiarizado con esa sensaci\u00f3n de fr\u00edo que siente cuando sabe que debe presentar su declaraci\u00f3n de impuestos? Eliminemos el escalofr\u00edo brindando asistencia profesional, lo que posiblemente conduzca a la calidez de un reembolso de impuestos. SERVICIOS DE IMPUESTOS DE FRANCISCO HERNANDEZ, LLC. Nuestros 11,000 clientes nos dicen que los educamos\u2026los ayudamos a entender\u2026en lugar [&hellip;]<\/p>\n","protected":false},"author":3,"featured_media":0,"parent":0,"menu_order":0,"comment_status":"open","ping_status":"open","template":"","meta":{"om_disable_all_campaigns":false,"_monsterinsights_skip_tracking":false,"_monsterinsights_sitenote_active":false,"_monsterinsights_sitenote_note":"","_monsterinsights_sitenote_category":0,"_uf_show_specific_survey":0,"_uf_disable_surveys":false,"footnotes":""},"class_list":["post-599","page","type-page","status-publish","hentry"],"aioseo_notices":[],"_links":{"self":[{"href":"https:\/\/fhts1040.com\/es\/wp-json\/wp\/v2\/pages\/599","targetHints":{"allow":["GET"]}}],"collection":[{"href":"https:\/\/fhts1040.com\/es\/wp-json\/wp\/v2\/pages"}],"about":[{"href":"https:\/\/fhts1040.com\/es\/wp-json\/wp\/v2\/types\/page"}],"author":[{"embeddable":true,"href":"https:\/\/fhts1040.com\/es\/wp-json\/wp\/v2\/users\/3"}],"replies":[{"embeddable":true,"href":"https:\/\/fhts1040.com\/es\/wp-json\/wp\/v2\/comments?post=599"}],"version-history":[{"count":1,"href":"https:\/\/fhts1040.com\/es\/wp-json\/wp\/v2\/pages\/599\/revisions"}],"predecessor-version":[{"id":601,"href":"https:\/\/fhts1040.com\/es\/wp-json\/wp\/v2\/pages\/599\/revisions\/601"}],"wp:attachment":[{"href":"https:\/\/fhts1040.com\/es\/wp-json\/wp\/v2\/media?parent=599"}],"curies":[{"name":"wp","href":"https:\/\/api.w.org\/{rel}","templated":true}]}}